{"id":3068,"date":"2015-07-29T16:39:16","date_gmt":"2015-07-29T16:39:16","guid":{"rendered":"https:\/\/omegadocumentaries.com\/?page_id=3068"},"modified":"2015-08-25T17:02:27","modified_gmt":"2015-08-25T17:02:27","slug":"chi-siamo","status":"publish","type":"page","link":"https:\/\/omegadocumentaries.com\/it\/chi-siamo\/","title":{"rendered":"CHI SIAMO"},"content":{"rendered":"<p>La societ\u00e0 Omega Audio Visual Productions \u00e8 stata fondata in Australia da George Messaris nel 1982 e l\u00ec ha sviluppato attivit\u00e0 produttive per documentari e pubblicit\u00e0 radiotelevisiva. Dopo il ritorno al suo amato luogo di nascita, Cefalonia, George Messaris continu\u00f2 a produrre documentari. Il suo primo saggio fu il \u201cFiori Del Mare\u201d &#8211; un tributo particolarmente storico e culturale di Cefalonia e Itaca.<\/p>\n<p><strong>CURRICULUM VITAE<\/strong><br \/>George Messaris \u00e8 nato ad Argostoli e come un vero ed inquieto Cefallene insegu\u00ec i suoi sogni lontano dall&#8217;isola.\u00a0<\/p>\n<p><img decoding=\"async\" loading=\"lazy\" class=\"alignright wp-image-2784 size-medium\" src=\"https:\/\/omegadocumentaries.com\/wp-content\/uploads\/2015\/07\/GEORGE-MESSARIS-1-144x300.jpg\" alt=\"GEORGE MESSARIS 1\" width=\"144\" height=\"300\" srcset=\"https:\/\/omegadocumentaries.com\/wp-content\/uploads\/2015\/07\/GEORGE-MESSARIS-1-144x300.jpg 144w, https:\/\/omegadocumentaries.com\/wp-content\/uploads\/2015\/07\/GEORGE-MESSARIS-1-760x1583.jpg 760w, https:\/\/omegadocumentaries.com\/wp-content\/uploads\/2015\/07\/GEORGE-MESSARIS-1-492x1024.jpg 492w, https:\/\/omegadocumentaries.com\/wp-content\/uploads\/2015\/07\/GEORGE-MESSARIS-1-732x1525.jpg 732w, https:\/\/omegadocumentaries.com\/wp-content\/uploads\/2015\/07\/GEORGE-MESSARIS-1.jpg 768w\" sizes=\"(max-width: 144px) 100vw, 144px\" \/><\/p>\n<p><strong>Studi:<\/strong><\/p>\n<ul style=\"list-style: disc!important;\">\n<li>Dopo il liceo studi\u00f2 per tre anni alla Scuola Marittima di Pireo (completato nel 1967).<\/li>\n<li>Certificazioni Lower e Proficiency in inglese (Michigan University, il 1968 e il 1970).<\/li>\n<li>Diploma di Programmatore Computer (Hemingway Robertson Institute, Sydney, 1971).<\/li>\n<li>Diploma di Analista di Sistemi Computer (ICS, Sydney, 1973).<\/li>\n<li>Studi finanziari (completati al 70%, UNISA, 1978-1982).<\/li>\n<li>Ha ottenuto attestati di partecipazione e di completamento con successo a numerosi seminari e corsi presso la Scuola Nazionale del Cinema, Televisione e Radio in Australia. Inoltre partecipava continuamente ai corsi di aggiornamento organizzati dalla emittente Seconda Rete Australiana SBS, dove ha lavorato per molti anni.<\/li>\n<\/ul>\n<p><strong>Carriera professionale:<\/strong><br \/> Dopo aver completato il servizio militare subito dopo il suo arrivo a Sydney, Australia (26-1-1970) ha lavorato (all&#8217;inizio part time &#8211; per motivi di studio) ai mezzi di comunicazione (stampa ed elettroniche). I primi tre anni come giornalista e poi come redattore dei giornali Nea Patrida, Panellinios Kirikas, O Kosmos e la rivista Ellinis. E&#8217; stato inoltre per 30 anni il collaboratore dei giornali di Melbourne Neos Kosmos e Nea Ellada. Sono stati pubblicati oltre 7000 articoli da lui firmati, mentre giornali e riviste hanno ospitato innumerevoli servizi ed interviste sue, fatte a varie personalit\u00e0.<\/p>\n<p>George Messaris ha curato e presentato centinaia di programmi radiofonici (soprattutto documentari) delle stazioni 2SER-FM, Symban e 2EA (Stazione Radiofonica Nazionale Australiana) di Sydney.<\/p>\n<p>Dal 2000 e per undici anni \u00e8 stato annunciatore permanente e produttore della Rete Radiotelevisiva Statale SBS.<\/p>\n<p>Con un documentario presentato da George Messaris iniziarono nel 1979 i programmi televisivi della SBS. Il documentario trattava della vita di due amici emigranti.<\/p>\n<p>Durante il suo ultra quarantennale coinvolgimento nei media ha curato diversi programmi televisivi e centinaia di pubblicit\u00e0 radiofoniche e televisive, partecipando anche a molti di questi. Inoltre ha partecipato alla produzione e alla presentazione di documentari televisivi, prevalentemente storici.<\/p>\n<p>E&#8217; apparso &#8211; come ospite &#8211; in innumerevoli programmi radiofonici e televisivi in Australia, Stati Uniti, Grecia e Cipro.<\/p>\n<p>Da oltre 40 anni \u00e8 membro dell&#8217; Associazione Giornalisti e dell&#8217;Associazione Presentatori Radiotelevisivi dell&#8217;Australia.<\/p>\n<p>Per anni ha avuto, insieme alle attivit\u00e0 di qui sopra, l&#8217;affidamento della pubblicazione di libri in greco ed in inglese.<\/p>\n<p>Dopo il ritorno a Cefalonia, \u00e8 stato corrispondente della Rete Radiofonica 2MM (Sydney) nel periodo 2010-2011, e nello stesso tempo anche corrispondente dei giornali Neos Kosmos (Melbourne) e O Kosmos (Sydney).<\/p>\n<p><strong>Opere volontarie:<\/strong><br \/> 1978-1981: Membro del Comitato Multiculturale Statale della Radio\/TV (SEBAC), nominato dal Governo Federale Australiano.<br \/> 1979-1981: Membro del Consiglio del Collegio di Agios Spyridon, Kingsford, Sydney.<br \/> 1982-1985: Presidente del Collegio di Agios Spyridon, Kingsford, Sydney.<br \/> 1970-&#8230;&#8230;.: Membro di numerose organizzazioni, soprattutto di carattere caritatevole.<\/p>\n<p>Luglio 2015<\/p>\n<p>&nbsp;<\/p>\n","protected":false},"excerpt":{"rendered":"<p>La societ\u00e0 Omega Audio Visual Productions \u00e8 stata fondata in Australia da George Messaris nel 1982 e l\u00ec ha sviluppato attivit\u00e0 produttive per documentari e pubblicit\u00e0 radiotelevisiva. Dopo il ritorno al suo amato luogo di nascita, Cefalonia, George Messaris continu\u00f2 a produrre documentari. Il suo primo saggio fu il \u201cFiori Del Mare\u201d &#8211; un tributo [&hellip;]<\/p>\n","protected":false},"author":1,"featured_media":0,"parent":0,"menu_order":0,"comment_status":"closed","ping_status":"open","template":"template-full.php","meta":{"footnotes":""},"_links":{"self":[{"href":"https:\/\/omegadocumentaries.com\/it\/wp-json\/wp\/v2\/pages\/3068"}],"collection":[{"href":"https:\/\/omegadocumentaries.com\/it\/wp-json\/wp\/v2\/pages"}],"about":[{"href":"https:\/\/omegadocumentaries.com\/it\/wp-json\/wp\/v2\/types\/page"}],"author":[{"embeddable":true,"href":"https:\/\/omegadocumentaries.com\/it\/wp-json\/wp\/v2\/users\/1"}],"replies":[{"embeddable":true,"href":"https:\/\/omegadocumentaries.com\/it\/wp-json\/wp\/v2\/comments?post=3068"}],"version-history":[{"count":0,"href":"https:\/\/omegadocumentaries.com\/it\/wp-json\/wp\/v2\/pages\/3068\/revisions"}],"wp:attachment":[{"href":"https:\/\/omegadocumentaries.com\/it\/wp-json\/wp\/v2\/media?parent=3068"}],"curies":[{"name":"wp","href":"https:\/\/api.w.org\/{rel}","templated":true}]}}